{"id":7,"date":"2021-06-28T11:10:07","date_gmt":"2021-06-28T09:10:07","guid":{"rendered":"https:\/\/www.i-klub.sk\/?page_id=7"},"modified":"2021-06-29T09:44:37","modified_gmt":"2021-06-29T07:44:37","slug":"kontakt","status":"publish","type":"page","link":"https:\/\/www.i-klub.sk\/index.php\/kontakt\/","title":{"rendered":"Kontakt"},"content":{"rendered":"\n<div class=\"wp-block-columns alignwide is-layout-flex wp-container-core-columns-is-layout-9d6595d7 wp-block-columns-is-layout-flex\">\n<div class=\"wp-block-column is-layout-flow wp-block-column-is-layout-flow\" style=\"flex-basis:100%\">\n<p class=\"has-white-color has-text-color\">i-klub<br>N\u00e1mestie Padl\u00fdch hrdinov 7<br>900 28 Ivanka pri Dunaji<br>Slovensk\u00e1 republika<\/p>\n<\/div>\n<\/div>\n\n\n\n<div class=\"wp-block-columns alignwide is-layout-flex wp-container-core-columns-is-layout-9d6595d7 wp-block-columns-is-layout-flex\">\n<div class=\"wp-block-column is-layout-flow wp-block-column-is-layout-flow\" style=\"flex-basis:100%\">\n<p class=\"has-white-color has-text-color\">I\u010cO: 30793483<br>DI\u010c: 2021744989<br>I\u010c DPH: nie sme platca DPH<br>IBAN: SK33 0200 0000 0017 4836 9451<br>BIC: SUBASKBX (\u200eVUB banka a.s.)<\/p>\n<\/div>\n<\/div>\n\n\n\n<div class=\"wp-block-columns alignwide is-layout-flex wp-container-core-columns-is-layout-9d6595d7 wp-block-columns-is-layout-flex\">\n<div class=\"wp-block-column is-layout-flow wp-block-column-is-layout-flow\" style=\"flex-basis:100%\">\n<p class=\"has-white-color has-text-color\">Vikt\u00f3ria Gavaldov\u00e1 &#8211; \u0161tatut\u00e1rka<br>Tel.: +421 904 372 490<br>E-mail: info@i-klub.sk<br>GPS:48\u00b011&#8217;39.8&#8243;N 17\u00b015&#8217;26.3&#8243;E<br>GPS:48.194389, 17.257317 (desatinn\u00fd syst\u00e9m)<\/p>\n<\/div>\n<\/div>\n","protected":false},"excerpt":{"rendered":"<p>i-klubN\u00e1mestie Padl\u00fdch hrdinov 7900 28 Ivanka pri DunajiSlovensk\u00e1 republika I\u010cO: 30793483DI\u010c: 2021744989I\u010c DPH: nie sme platca DPHIBAN: SK33 0200 0000 0017 4836 9451BIC: SUBASKBX (\u200eVUB banka a.s.) Vikt\u00f3ria Gavaldov\u00e1 &#8211; \u0161tatut\u00e1rkaTel.: +421 904 372 490E-mail: info@i-klub.skGPS:48\u00b011&#8217;39.8&#8243;N 17\u00b015&#8217;26.3&#8243;EGPS:48.194389, 17.257317 (desatinn\u00fd syst\u00e9m)<\/p>\n","protected":false},"author":1,"featured_media":0,"parent":0,"menu_order":0,"comment_status":"closed","ping_status":"closed","template":"","meta":{"footnotes":""},"class_list":["post-7","page","type-page","status-publish","hentry","entry"],"_links":{"self":[{"href":"https:\/\/www.i-klub.sk\/index.php\/wp-json\/wp\/v2\/pages\/7","targetHints":{"allow":["GET"]}}],"collection":[{"href":"https:\/\/www.i-klub.sk\/index.php\/wp-json\/wp\/v2\/pages"}],"about":[{"href":"https:\/\/www.i-klub.sk\/index.php\/wp-json\/wp\/v2\/types\/page"}],"author":[{"embeddable":true,"href":"https:\/\/www.i-klub.sk\/index.php\/wp-json\/wp\/v2\/users\/1"}],"replies":[{"embeddable":true,"href":"https:\/\/www.i-klub.sk\/index.php\/wp-json\/wp\/v2\/comments?post=7"}],"version-history":[{"count":6,"href":"https:\/\/www.i-klub.sk\/index.php\/wp-json\/wp\/v2\/pages\/7\/revisions"}],"predecessor-version":[{"id":161,"href":"https:\/\/www.i-klub.sk\/index.php\/wp-json\/wp\/v2\/pages\/7\/revisions\/161"}],"wp:attachment":[{"href":"https:\/\/www.i-klub.sk\/index.php\/wp-json\/wp\/v2\/media?parent=7"}],"curies":[{"name":"wp","href":"https:\/\/api.w.org\/{rel}","templated":true}]}}