{"id":65,"date":"2021-06-28T12:13:17","date_gmt":"2021-06-28T10:13:17","guid":{"rendered":"https:\/\/www.i-klub.sk\/?page_id=65"},"modified":"2021-06-29T15:55:27","modified_gmt":"2021-06-29T13:55:27","slug":"priroda","status":"publish","type":"page","link":"https:\/\/www.i-klub.sk\/index.php\/priroda\/","title":{"rendered":"Pr\u00edroda"},"content":{"rendered":"\n<div class=\"wp-block-columns alignwide is-layout-flex wp-container-core-columns-is-layout-9d6595d7 wp-block-columns-is-layout-flex\">\n<div class=\"wp-block-column is-layout-flow wp-block-column-is-layout-flow\">\n<h2 class=\"wp-block-heading\"><strong>Toto jedine\u010dn\u00e9 pr\u00edrodn\u00e9 prostredie vyu\u017e\u00edvame na vzdel\u00e1vanie, v\u00fdchovu k&nbsp;pr\u00e1ci a&nbsp;ochrane zdravia det\u00ed.<\/strong><\/h2>\n\n\n\n<p>Pr\u00edroda, ktor\u00e1 n\u00e1s obklopuje je neocenite\u013en\u00fdm benefitom I Klubu. Star\u00e1me sa o \u0148u tak, aby bola darom pre deti. Aby sa tu mohli nad\u00fdcha\u0165, pote\u0161i\u0165 kr\u00e1sou, ochutna\u0165 nezvy\u010dajn\u00e9 ovoc\u00ed\u010dka, nau\u010di\u0165 sa spozn\u00e1va\u0165 bylinky a tie\u017e nau\u010di\u0165 sa pracova\u0165 v z\u00e1hrade. Pestujeme tu 20 druhov lie\u010div\u00fdch byl\u00edn, ktor\u00e9 m\u00e1me vyobrazen\u00e9 a pop\u00edsan\u00e9 na n\u00e1stenke v predsieni. \u010casto spozn\u00e1vanie byl\u00edn prid\u00e1vame do hier, kde tvoria samostatn\u00fa discipl\u00ednu. Najlep\u0161ie si zapam\u00e4taj\u00fa bylinku, ak ju m\u00f4\u017eu \u010destv\u00fa ovo\u0148a\u0165, ochutna\u0165 a podr\u017ea\u0165 v ruke. Vtedy sa do vzdel\u00e1vania zap\u00e1jaj\u00fa v\u0161etky zmysly, pri\u010dom v\u00f4bec nemaj\u00fa pocit, \u017ee sa nie\u010do u\u010dia.<\/p>\n<\/div>\n<\/div>\n\n\n\n<figure class=\"wp-block-gallery alignwide columns-3 is-cropped wp-block-gallery-1 is-layout-flex wp-block-gallery-is-layout-flex\"><ul class=\"blocks-gallery-grid\"><li class=\"blocks-gallery-item\"><figure><img loading=\"lazy\" decoding=\"async\" width=\"1024\" height=\"685\" src=\"https:\/\/www.i-klub.sk\/wp-content\/uploads\/2021\/06\/P1210502-copy-1024x685.jpg\" alt=\"\" data-id=\"288\" data-link=\"https:\/\/www.i-klub.sk\/p1210502-copy\/\" class=\"wp-image-288\" srcset=\"https:\/\/www.i-klub.sk\/wp-content\/uploads\/2021\/06\/P1210502-copy-1024x685.jpg 1024w, https:\/\/www.i-klub.sk\/wp-content\/uploads\/2021\/06\/P1210502-copy-300x201.jpg 300w, https:\/\/www.i-klub.sk\/wp-content\/uploads\/2021\/06\/P1210502-copy-768x514.jpg 768w, https:\/\/www.i-klub.sk\/wp-content\/uploads\/2021\/06\/P1210502-copy-1536x1027.jpg 1536w, https:\/\/www.i-klub.sk\/wp-content\/uploads\/2021\/06\/P1210502-copy-2048x1370.jpg 2048w, https:\/\/www.i-klub.sk\/wp-content\/uploads\/2021\/06\/P1210502-copy-1568x1049.jpg 1568w\" sizes=\"auto, (max-width: 1024px) 100vw, 1024px\" \/><\/figure><\/li><li class=\"blocks-gallery-item\"><figure><img loading=\"lazy\" decoding=\"async\" width=\"1024\" height=\"685\" src=\"https:\/\/www.i-klub.sk\/wp-content\/uploads\/2021\/06\/P1210504-copy-1024x685.jpg\" alt=\"\" data-id=\"289\" data-link=\"https:\/\/www.i-klub.sk\/p1210504-copy\/\" class=\"wp-image-289\" srcset=\"https:\/\/www.i-klub.sk\/wp-content\/uploads\/2021\/06\/P1210504-copy-1024x685.jpg 1024w, https:\/\/www.i-klub.sk\/wp-content\/uploads\/2021\/06\/P1210504-copy-300x201.jpg 300w, https:\/\/www.i-klub.sk\/wp-content\/uploads\/2021\/06\/P1210504-copy-768x514.jpg 768w, https:\/\/www.i-klub.sk\/wp-content\/uploads\/2021\/06\/P1210504-copy-1536x1027.jpg 1536w, https:\/\/www.i-klub.sk\/wp-content\/uploads\/2021\/06\/P1210504-copy-2048x1370.jpg 2048w, https:\/\/www.i-klub.sk\/wp-content\/uploads\/2021\/06\/P1210504-copy-1568x1049.jpg 1568w\" sizes=\"auto, (max-width: 1024px) 100vw, 1024px\" \/><\/figure><\/li><li class=\"blocks-gallery-item\"><figure><img loading=\"lazy\" decoding=\"async\" width=\"1024\" height=\"685\" src=\"https:\/\/www.i-klub.sk\/wp-content\/uploads\/2021\/06\/P1210933-copy-1024x685.jpg\" alt=\"\" data-id=\"290\" data-link=\"https:\/\/www.i-klub.sk\/p1210933-copy\/\" class=\"wp-image-290\" srcset=\"https:\/\/www.i-klub.sk\/wp-content\/uploads\/2021\/06\/P1210933-copy-1024x685.jpg 1024w, https:\/\/www.i-klub.sk\/wp-content\/uploads\/2021\/06\/P1210933-copy-300x201.jpg 300w, https:\/\/www.i-klub.sk\/wp-content\/uploads\/2021\/06\/P1210933-copy-768x514.jpg 768w, https:\/\/www.i-klub.sk\/wp-content\/uploads\/2021\/06\/P1210933-copy-1536x1027.jpg 1536w, https:\/\/www.i-klub.sk\/wp-content\/uploads\/2021\/06\/P1210933-copy-2048x1370.jpg 2048w, https:\/\/www.i-klub.sk\/wp-content\/uploads\/2021\/06\/P1210933-copy-1568x1049.jpg 1568w\" sizes=\"auto, (max-width: 1024px) 100vw, 1024px\" \/><\/figure><\/li><li class=\"blocks-gallery-item\"><figure><img loading=\"lazy\" decoding=\"async\" width=\"768\" height=\"1024\" src=\"https:\/\/www.i-klub.sk\/wp-content\/uploads\/2021\/06\/IMG-20190528-WA0013-copy-768x1024.jpg\" alt=\"\" data-id=\"328\" data-link=\"https:\/\/www.i-klub.sk\/index.php\/priroda\/img-20190528-wa0013-copy\/\" class=\"wp-image-328\" srcset=\"https:\/\/www.i-klub.sk\/wp-content\/uploads\/2021\/06\/IMG-20190528-WA0013-copy-768x1024.jpg 768w, https:\/\/www.i-klub.sk\/wp-content\/uploads\/2021\/06\/IMG-20190528-WA0013-copy-225x300.jpg 225w, https:\/\/www.i-klub.sk\/wp-content\/uploads\/2021\/06\/IMG-20190528-WA0013-copy-1152x1536.jpg 1152w, https:\/\/www.i-klub.sk\/wp-content\/uploads\/2021\/06\/IMG-20190528-WA0013-copy.jpg 1200w\" sizes=\"auto, (max-width: 768px) 100vw, 768px\" \/><\/figure><\/li><li class=\"blocks-gallery-item\"><figure><img loading=\"lazy\" decoding=\"async\" width=\"768\" height=\"1024\" src=\"https:\/\/www.i-klub.sk\/wp-content\/uploads\/2021\/06\/IMG-20190528-WA0012-copy-768x1024.jpg\" alt=\"\" data-id=\"329\" data-link=\"https:\/\/www.i-klub.sk\/index.php\/priroda\/img-20190528-wa0012-copy\/\" class=\"wp-image-329\" srcset=\"https:\/\/www.i-klub.sk\/wp-content\/uploads\/2021\/06\/IMG-20190528-WA0012-copy-768x1024.jpg 768w, https:\/\/www.i-klub.sk\/wp-content\/uploads\/2021\/06\/IMG-20190528-WA0012-copy-225x300.jpg 225w, https:\/\/www.i-klub.sk\/wp-content\/uploads\/2021\/06\/IMG-20190528-WA0012-copy-1152x1536.jpg 1152w, https:\/\/www.i-klub.sk\/wp-content\/uploads\/2021\/06\/IMG-20190528-WA0012-copy.jpg 1200w\" sizes=\"auto, (max-width: 768px) 100vw, 768px\" \/><\/figure><\/li><li class=\"blocks-gallery-item\"><figure><img loading=\"lazy\" decoding=\"async\" width=\"1024\" height=\"685\" src=\"https:\/\/www.i-klub.sk\/wp-content\/uploads\/2021\/06\/P1210743-copy-1024x685.jpg\" alt=\"\" data-id=\"331\" data-full-url=\"https:\/\/www.i-klub.sk\/wp-content\/uploads\/2021\/06\/P1210743-copy.jpg\" data-link=\"https:\/\/www.i-klub.sk\/index.php\/priroda\/p1210743-copy\/\" class=\"wp-image-331\" srcset=\"https:\/\/www.i-klub.sk\/wp-content\/uploads\/2021\/06\/P1210743-copy-1024x685.jpg 1024w, https:\/\/www.i-klub.sk\/wp-content\/uploads\/2021\/06\/P1210743-copy-300x201.jpg 300w, https:\/\/www.i-klub.sk\/wp-content\/uploads\/2021\/06\/P1210743-copy-768x514.jpg 768w, https:\/\/www.i-klub.sk\/wp-content\/uploads\/2021\/06\/P1210743-copy-1536x1027.jpg 1536w, https:\/\/www.i-klub.sk\/wp-content\/uploads\/2021\/06\/P1210743-copy-2048x1370.jpg 2048w, https:\/\/www.i-klub.sk\/wp-content\/uploads\/2021\/06\/P1210743-copy-1568x1049.jpg 1568w\" sizes=\"auto, (max-width: 1024px) 100vw, 1024px\" \/><\/figure><\/li><\/ul><\/figure>\n","protected":false},"excerpt":{"rendered":"<p>Toto jedine\u010dn\u00e9 pr\u00edrodn\u00e9 prostredie vyu\u017e\u00edvame na vzdel\u00e1vanie, v\u00fdchovu k&nbsp;pr\u00e1ci a&nbsp;ochrane zdravia det\u00ed. Pr\u00edroda, ktor\u00e1 n\u00e1s obklopuje je neocenite\u013en\u00fdm benefitom I Klubu. Star\u00e1me sa o \u0148u tak, aby bola darom pre deti. Aby sa tu mohli nad\u00fdcha\u0165, pote\u0161i\u0165 kr\u00e1sou, ochutna\u0165 nezvy\u010dajn\u00e9 ovoc\u00ed\u010dka, nau\u010di\u0165 sa spozn\u00e1va\u0165 bylinky a tie\u017e nau\u010di\u0165 sa pracova\u0165 v z\u00e1hrade. Pestujeme tu 20&hellip; <a class=\"more-link\" href=\"https:\/\/www.i-klub.sk\/index.php\/priroda\/\">Pokra\u010dova\u0165 v \u010d\u00edtan\u00ed <span class=\"screen-reader-text\">Pr\u00edroda<\/span><\/a><\/p>\n","protected":false},"author":1,"featured_media":0,"parent":0,"menu_order":0,"comment_status":"closed","ping_status":"closed","template":"","meta":{"footnotes":""},"class_list":["post-65","page","type-page","status-publish","hentry","entry"],"_links":{"self":[{"href":"https:\/\/www.i-klub.sk\/index.php\/wp-json\/wp\/v2\/pages\/65","targetHints":{"allow":["GET"]}}],"collection":[{"href":"https:\/\/www.i-klub.sk\/index.php\/wp-json\/wp\/v2\/pages"}],"about":[{"href":"https:\/\/www.i-klub.sk\/index.php\/wp-json\/wp\/v2\/types\/page"}],"author":[{"embeddable":true,"href":"https:\/\/www.i-klub.sk\/index.php\/wp-json\/wp\/v2\/users\/1"}],"replies":[{"embeddable":true,"href":"https:\/\/www.i-klub.sk\/index.php\/wp-json\/wp\/v2\/comments?post=65"}],"version-history":[{"count":10,"href":"https:\/\/www.i-klub.sk\/index.php\/wp-json\/wp\/v2\/pages\/65\/revisions"}],"predecessor-version":[{"id":332,"href":"https:\/\/www.i-klub.sk\/index.php\/wp-json\/wp\/v2\/pages\/65\/revisions\/332"}],"wp:attachment":[{"href":"https:\/\/www.i-klub.sk\/index.php\/wp-json\/wp\/v2\/media?parent=65"}],"curies":[{"name":"wp","href":"https:\/\/api.w.org\/{rel}","templated":true}]}}