{"id":62,"date":"2021-06-28T12:11:52","date_gmt":"2021-06-28T10:11:52","guid":{"rendered":"https:\/\/www.i-klub.sk\/?page_id=62"},"modified":"2021-06-29T15:42:26","modified_gmt":"2021-06-29T13:42:26","slug":"sporty","status":"publish","type":"page","link":"https:\/\/www.i-klub.sk\/index.php\/sporty\/","title":{"rendered":"\u0160porty"},"content":{"rendered":"\n<div class=\"wp-block-columns alignwide is-layout-flex wp-container-core-columns-is-layout-9d6595d7 wp-block-columns-is-layout-flex\">\n<div class=\"wp-block-column is-layout-flow wp-block-column-is-layout-flow\">\n<h2 class=\"wp-block-heading\"><strong>Akt\u00edvny oddych v lese a na ihrisku<\/strong><\/h2>\n\n\n\n<p>I klub sa nach\u00e1dza v kr\u00e1snom zalesnenom prostred\u00ed a v jeho strede je multifunk\u010dn\u00e9 ihrisko.  Na ihrisku hr\u00e1me futbal, florbal, basketbal, volejbal, tenis, americk\u00fd futbal a r\u00f4zne loptov\u00e9 hry. Deti ob\u013eubuj\u00fa i prech\u00e1dzky a hry v lese, v ktorom sa z\u00e1rove\u0148 nach\u00e1dza i pumptrackov\u00e1 dr\u00e1ha pre bicykle.<\/p>\n<\/div>\n<\/div>\n\n\n\n<figure class=\"wp-block-gallery alignwide columns-3 is-cropped wp-block-gallery-1 is-layout-flex wp-block-gallery-is-layout-flex\"><ul class=\"blocks-gallery-grid\"><li class=\"blocks-gallery-item\"><figure><img loading=\"lazy\" decoding=\"async\" width=\"768\" height=\"1024\" src=\"https:\/\/www.i-klub.sk\/wp-content\/uploads\/2021\/06\/IMG_1115-768x1024.jpg\" alt=\"\" data-id=\"295\" data-link=\"https:\/\/www.i-klub.sk\/img_1115\/\" class=\"wp-image-295\" srcset=\"https:\/\/www.i-klub.sk\/wp-content\/uploads\/2021\/06\/IMG_1115-768x1024.jpg 768w, https:\/\/www.i-klub.sk\/wp-content\/uploads\/2021\/06\/IMG_1115-225x300.jpg 225w, https:\/\/www.i-klub.sk\/wp-content\/uploads\/2021\/06\/IMG_1115-1152x1536.jpg 1152w, https:\/\/www.i-klub.sk\/wp-content\/uploads\/2021\/06\/IMG_1115-1536x2048.jpg 1536w, https:\/\/www.i-klub.sk\/wp-content\/uploads\/2021\/06\/IMG_1115-1568x2090.jpg 1568w, https:\/\/www.i-klub.sk\/wp-content\/uploads\/2021\/06\/IMG_1115-scaled.jpg 1920w\" sizes=\"auto, (max-width: 768px) 100vw, 768px\" \/><\/figure><\/li><li class=\"blocks-gallery-item\"><figure><img loading=\"lazy\" decoding=\"async\" width=\"1024\" height=\"683\" src=\"https:\/\/www.i-klub.sk\/wp-content\/uploads\/2021\/06\/7-florbal-1024x683.jpg\" alt=\"\" data-id=\"294\" data-link=\"https:\/\/www.i-klub.sk\/7-florbal\/\" class=\"wp-image-294\" srcset=\"https:\/\/www.i-klub.sk\/wp-content\/uploads\/2021\/06\/7-florbal-1024x683.jpg 1024w, https:\/\/www.i-klub.sk\/wp-content\/uploads\/2021\/06\/7-florbal-300x200.jpg 300w, https:\/\/www.i-klub.sk\/wp-content\/uploads\/2021\/06\/7-florbal-768x512.jpg 768w, https:\/\/www.i-klub.sk\/wp-content\/uploads\/2021\/06\/7-florbal-1536x1024.jpg 1536w, https:\/\/www.i-klub.sk\/wp-content\/uploads\/2021\/06\/7-florbal-2048x1365.jpg 2048w, https:\/\/www.i-klub.sk\/wp-content\/uploads\/2021\/06\/7-florbal-1568x1045.jpg 1568w\" sizes=\"auto, (max-width: 1024px) 100vw, 1024px\" \/><\/figure><\/li><li class=\"blocks-gallery-item\"><figure><img loading=\"lazy\" decoding=\"async\" width=\"1024\" height=\"685\" src=\"https:\/\/www.i-klub.sk\/wp-content\/uploads\/2021\/06\/5-olympiada-1024x685.jpg\" alt=\"\" data-id=\"298\" data-link=\"https:\/\/www.i-klub.sk\/index.php\/sporty\/5-olympiada\/\" class=\"wp-image-298\" srcset=\"https:\/\/www.i-klub.sk\/wp-content\/uploads\/2021\/06\/5-olympiada-1024x685.jpg 1024w, https:\/\/www.i-klub.sk\/wp-content\/uploads\/2021\/06\/5-olympiada-300x201.jpg 300w, https:\/\/www.i-klub.sk\/wp-content\/uploads\/2021\/06\/5-olympiada-768x513.jpg 768w, https:\/\/www.i-klub.sk\/wp-content\/uploads\/2021\/06\/5-olympiada.jpg 1240w\" sizes=\"auto, (max-width: 1024px) 100vw, 1024px\" \/><\/figure><\/li><li class=\"blocks-gallery-item\"><figure><img loading=\"lazy\" decoding=\"async\" width=\"1024\" height=\"685\" src=\"https:\/\/www.i-klub.sk\/wp-content\/uploads\/2021\/06\/P1210562-copy-1024x685.jpg\" alt=\"\" data-id=\"310\" data-link=\"https:\/\/www.i-klub.sk\/index.php\/sporty\/p1210562-copy\/\" class=\"wp-image-310\" srcset=\"https:\/\/www.i-klub.sk\/wp-content\/uploads\/2021\/06\/P1210562-copy-1024x685.jpg 1024w, https:\/\/www.i-klub.sk\/wp-content\/uploads\/2021\/06\/P1210562-copy-300x201.jpg 300w, https:\/\/www.i-klub.sk\/wp-content\/uploads\/2021\/06\/P1210562-copy-768x514.jpg 768w, https:\/\/www.i-klub.sk\/wp-content\/uploads\/2021\/06\/P1210562-copy-1536x1027.jpg 1536w, https:\/\/www.i-klub.sk\/wp-content\/uploads\/2021\/06\/P1210562-copy-2048x1370.jpg 2048w, https:\/\/www.i-klub.sk\/wp-content\/uploads\/2021\/06\/P1210562-copy-1568x1049.jpg 1568w\" sizes=\"auto, (max-width: 1024px) 100vw, 1024px\" \/><\/figure><\/li><li class=\"blocks-gallery-item\"><figure><img loading=\"lazy\" decoding=\"async\" width=\"768\" height=\"1024\" src=\"https:\/\/www.i-klub.sk\/wp-content\/uploads\/2021\/06\/20180703_091128-768x1024.jpg\" alt=\"\" data-id=\"311\" data-full-url=\"https:\/\/www.i-klub.sk\/wp-content\/uploads\/2021\/06\/20180703_091128-scaled.jpg\" data-link=\"https:\/\/www.i-klub.sk\/index.php\/sporty\/20180703_091128\/\" class=\"wp-image-311\" srcset=\"https:\/\/www.i-klub.sk\/wp-content\/uploads\/2021\/06\/20180703_091128-768x1024.jpg 768w, https:\/\/www.i-klub.sk\/wp-content\/uploads\/2021\/06\/20180703_091128-225x300.jpg 225w, https:\/\/www.i-klub.sk\/wp-content\/uploads\/2021\/06\/20180703_091128-1152x1536.jpg 1152w, https:\/\/www.i-klub.sk\/wp-content\/uploads\/2021\/06\/20180703_091128-1536x2048.jpg 1536w, https:\/\/www.i-klub.sk\/wp-content\/uploads\/2021\/06\/20180703_091128-1568x2091.jpg 1568w, https:\/\/www.i-klub.sk\/wp-content\/uploads\/2021\/06\/20180703_091128-scaled.jpg 1920w\" sizes=\"auto, (max-width: 768px) 100vw, 768px\" \/><\/figure><\/li><\/ul><\/figure>\n","protected":false},"excerpt":{"rendered":"<p>Akt\u00edvny oddych v lese a na ihrisku I klub sa nach\u00e1dza v kr\u00e1snom zalesnenom prostred\u00ed a v jeho strede je multifunk\u010dn\u00e9 ihrisko. Na ihrisku hr\u00e1me futbal, florbal, basketbal, volejbal, tenis, americk\u00fd futbal a r\u00f4zne loptov\u00e9 hry. Deti ob\u013eubuj\u00fa i prech\u00e1dzky a hry v lese, v ktorom sa z\u00e1rove\u0148 nach\u00e1dza i pumptrackov\u00e1 dr\u00e1ha pre bicykle.<\/p>\n","protected":false},"author":1,"featured_media":0,"parent":0,"menu_order":0,"comment_status":"closed","ping_status":"closed","template":"","meta":{"footnotes":""},"class_list":["post-62","page","type-page","status-publish","hentry","entry"],"_links":{"self":[{"href":"https:\/\/www.i-klub.sk\/index.php\/wp-json\/wp\/v2\/pages\/62","targetHints":{"allow":["GET"]}}],"collection":[{"href":"https:\/\/www.i-klub.sk\/index.php\/wp-json\/wp\/v2\/pages"}],"about":[{"href":"https:\/\/www.i-klub.sk\/index.php\/wp-json\/wp\/v2\/types\/page"}],"author":[{"embeddable":true,"href":"https:\/\/www.i-klub.sk\/index.php\/wp-json\/wp\/v2\/users\/1"}],"replies":[{"embeddable":true,"href":"https:\/\/www.i-klub.sk\/index.php\/wp-json\/wp\/v2\/comments?post=62"}],"version-history":[{"count":6,"href":"https:\/\/www.i-klub.sk\/index.php\/wp-json\/wp\/v2\/pages\/62\/revisions"}],"predecessor-version":[{"id":312,"href":"https:\/\/www.i-klub.sk\/index.php\/wp-json\/wp\/v2\/pages\/62\/revisions\/312"}],"wp:attachment":[{"href":"https:\/\/www.i-klub.sk\/index.php\/wp-json\/wp\/v2\/media?parent=62"}],"curies":[{"name":"wp","href":"https:\/\/api.w.org\/{rel}","templated":true}]}}