{"id":6,"date":"2021-06-28T11:10:07","date_gmt":"2021-06-28T09:10:07","guid":{"rendered":"https:\/\/www.i-klub.sk\/?page_id=6"},"modified":"2021-06-29T10:02:58","modified_gmt":"2021-06-29T08:02:58","slug":"o-nas","status":"publish","type":"page","link":"https:\/\/www.i-klub.sk\/index.php\/o-nas\/","title":{"rendered":"O n\u00e1s"},"content":{"rendered":"\n<div class=\"wp-block-columns alignwide is-layout-flex wp-container-core-columns-is-layout-9d6595d7 wp-block-columns-is-layout-flex\">\n<div class=\"wp-block-column is-vertically-aligned-top is-layout-flow wp-block-column-is-layout-flow\" style=\"flex-basis:100%\">\n<p class=\"has-text-align-left has-white-color has-text-color\">Ob\u010dianske zdru\u017eenie I Klub pracuje v Ivanke pri Dunaji od roku 2003. Na\u0161\u00edm cie\u013eom je pom\u00e1ha\u0165 de\u0165om a ml\u00e1de\u017ei n\u00e1js\u0165 svoje vlastn\u00e9 miesto v kolekt\u00edve, objavi\u0165 svoje zru\u010dnosti, kreativitu a n\u00e1sledne aj svoje sebavedomie.<\/p>\n<\/div>\n<\/div>\n\n\n\n<div class=\"wp-block-columns alignwide is-layout-flex wp-container-core-columns-is-layout-9d6595d7 wp-block-columns-is-layout-flex\">\n<div class=\"wp-block-column is-layout-flow wp-block-column-is-layout-flow\" style=\"flex-basis:100%\">\n<p class=\"has-white-color has-text-color\">Chceme, aby zdravo r\u00e1stli s podporou komunity a aby rozumeli, \u017ee nes\u00fa zodpovednos\u0165 za vlastn\u00e9 rozhodnutia. Vytv\u00e1rame ve\u013ea mo\u017enost\u00ed vyu\u017eitia vo\u013en\u00e9ho \u010dasu, najm\u00e4 v oblasti \u0161portu a umeleck\u00fdch remesiel.<\/p>\n<\/div>\n<\/div>\n\n\n\n<div class=\"wp-block-columns alignwide is-layout-flex wp-container-core-columns-is-layout-9d6595d7 wp-block-columns-is-layout-flex\">\n<div class=\"wp-block-column is-layout-flow wp-block-column-is-layout-flow\" style=\"flex-basis:100%\">\n<p class=\"has-white-color has-text-color\">N\u00edzkoprah je slu\u017eba de\u0165om a ml\u00e1de\u017ei, ktor\u00ed by inak tr\u00e1vili svoj \u010das na uliciach. V \u010dom spo\u010d\u00edva n\u00edzkoprahovos\u0165? Znamen\u00e1 to, \u017ee die\u0165a m\u00f4\u017ee pr\u00eds\u0165 do I Klubu bez zaplatenia \u010dlensk\u00fdch poplatkov, bez prihl\u00e1\u0161ky a pevn\u00e9ho \u010dasu doch\u00e1dzky, kedyko\u013evek v otv\u00e1rac\u00edch hodin\u00e1ch.<br>Pre\u010do tak\u00fdto chaos? Cie\u013eom \u010dinnosti je pon\u00faknu\u0165 de\u0165om zmyslupln\u00e9 vyu\u017eitie vo\u013en\u00e9ho \u010dasu. Die\u0165a si mo\u017ee vybra\u0165, \u010domu sa chce venova\u0165 \u2013 \u0161portov\u00fdm \u010dinnostiam, umeleck\u00fdm tvoriv\u00fdm remesielkam, hra\u0165 sa na l\u00fake, v lese, rozbali\u0165 stolov\u00e9 hry, alebo len tak sedie\u0165 s kamar\u00e1tmi. Vytvorili sme pre nich ve\u013ea prirodzen\u00fdch prostred\u00ed, ako klubov\u0148a, diel\u0148a, ihrisko, divok\u00e1 l\u00faka, les, pumptrackov\u00e1 dr\u00e1ha v lese, alt\u00e1nok s ohniskom a botanick\u00fd chodn\u00ed\u010dek. Pre remesielka a \u0161porty m\u00e1me bohat\u00e9 materi\u00e1lov\u00e9 vybavenie, ktor\u00e9 m\u00f4\u017eu deti pou\u017e\u00edva\u0165. Pri pr\u00e1ci a pri \u0161portoch ich ved\u00fa sk\u00fasen\u00ed anim\u00e1tori.<\/p>\n<\/div>\n<\/div>\n\n\n\n<div class=\"wp-block-columns alignwide is-layout-flex wp-container-core-columns-is-layout-9d6595d7 wp-block-columns-is-layout-flex\">\n<div class=\"wp-block-column is-layout-flow wp-block-column-is-layout-flow\" style=\"flex-basis:100%\">\n<p class=\"has-white-color has-text-color\">Spolupracuj\u00face organiz\u00e1cie:<br>ASC, Domka, Feder\u00e1cia Skautov na Slovensku, Nad\u00e1cia Pontis, Nad\u00e1cia ZSE, Obec Ivanka pri Dunaji, BSK, COOP Jednota, Tesco, UPC<\/p>\n<\/div>\n<\/div>\n","protected":false},"excerpt":{"rendered":"<p>Ob\u010dianske zdru\u017eenie I Klub pracuje v Ivanke pri Dunaji od roku 2003. Na\u0161\u00edm cie\u013eom je pom\u00e1ha\u0165 de\u0165om a ml\u00e1de\u017ei n\u00e1js\u0165 svoje vlastn\u00e9 miesto v kolekt\u00edve, objavi\u0165 svoje zru\u010dnosti, kreativitu a n\u00e1sledne aj svoje sebavedomie. Chceme, aby zdravo r\u00e1stli s podporou komunity a aby rozumeli, \u017ee nes\u00fa zodpovednos\u0165 za vlastn\u00e9 rozhodnutia. Vytv\u00e1rame ve\u013ea mo\u017enost\u00ed vyu\u017eitia vo\u013en\u00e9ho&hellip; <a class=\"more-link\" href=\"https:\/\/www.i-klub.sk\/index.php\/o-nas\/\">Pokra\u010dova\u0165 v \u010d\u00edtan\u00ed <span class=\"screen-reader-text\">O n\u00e1s<\/span><\/a><\/p>\n","protected":false},"author":1,"featured_media":0,"parent":0,"menu_order":0,"comment_status":"closed","ping_status":"closed","template":"","meta":{"footnotes":""},"class_list":["post-6","page","type-page","status-publish","hentry","entry"],"_links":{"self":[{"href":"https:\/\/www.i-klub.sk\/index.php\/wp-json\/wp\/v2\/pages\/6","targetHints":{"allow":["GET"]}}],"collection":[{"href":"https:\/\/www.i-klub.sk\/index.php\/wp-json\/wp\/v2\/pages"}],"about":[{"href":"https:\/\/www.i-klub.sk\/index.php\/wp-json\/wp\/v2\/types\/page"}],"author":[{"embeddable":true,"href":"https:\/\/www.i-klub.sk\/index.php\/wp-json\/wp\/v2\/users\/1"}],"replies":[{"embeddable":true,"href":"https:\/\/www.i-klub.sk\/index.php\/wp-json\/wp\/v2\/comments?post=6"}],"version-history":[{"count":15,"href":"https:\/\/www.i-klub.sk\/index.php\/wp-json\/wp\/v2\/pages\/6\/revisions"}],"predecessor-version":[{"id":158,"href":"https:\/\/www.i-klub.sk\/index.php\/wp-json\/wp\/v2\/pages\/6\/revisions\/158"}],"wp:attachment":[{"href":"https:\/\/www.i-klub.sk\/index.php\/wp-json\/wp\/v2\/media?parent=6"}],"curies":[{"name":"wp","href":"https:\/\/api.w.org\/{rel}","templated":true}]}}