{"id":51,"date":"2021-06-28T11:56:21","date_gmt":"2021-06-28T09:56:21","guid":{"rendered":"https:\/\/www.i-klub.sk\/?page_id=51"},"modified":"2021-06-29T15:45:49","modified_gmt":"2021-06-29T13:45:49","slug":"dielne","status":"publish","type":"page","link":"https:\/\/www.i-klub.sk\/index.php\/dielne\/","title":{"rendered":"Dielne"},"content":{"rendered":"\n<div class=\"wp-block-columns alignwide is-layout-flex wp-container-core-columns-is-layout-9d6595d7 wp-block-columns-is-layout-flex\">\n<div class=\"wp-block-column is-layout-flow wp-block-column-is-layout-flow\">\n<h2 class=\"wp-block-heading\"><strong>Nemus\u00edme s\u00edce by\u0165 v\u0161etci \u00faplne zru\u010dn\u00ed, ale v\u017edy je bonus, ak nie\u010do dok\u00e1\u017eeme.<\/strong><\/h2>\n\n\n\n<p id=\"tvorive-dielne\">V s\u00fa\u010dasosti detsk\u00e9 tvorenie ve\u013emi ustupuje do \u00fazadia. Mo\u017eno pre ve\u013ek\u00fa ponuku po\u010d\u00edta\u010dov\u00fdch hier, kde netreba ma\u0165 zru\u010dnosti, sk\u00fasenosti s materi\u00e1lom, netreba ma\u0165 v\u00edziu, z\u00e1mer, snahu. Kreativita je pri osobnostnom raste ve\u013emi d\u00f4le\u017eit\u00e1. <\/p>\n\n\n\n<p>Ak die\u0165a objav\u00ed vlastn\u00fa schopnos\u0165 nie\u010do vytvori\u0165, objav\u00ed vlastn\u00fa hotnotu a ve\u013emi si posiln\u00ed sebavedomie. Deti, ktor\u00e9 nav\u0161tevuj\u00fa I Klub, sa u\u017e sam\u00e9 p\u00fas\u0165aj\u00fa do remesiel ako \u0161perk\u00e1renie, plstenie, \u0161itie na stroji, alebo keramika.<\/p>\n\n\n\n<p>Ako funguj\u00fa na\u0161e remesielka?<br>Deti spolu s anim\u00e1torom si napl\u00e1nuj\u00fa remesielka pod\u013ea ich z\u00e1ujmu na ur\u010dit\u00fd de\u0148. Vtedy rozbal\u00edme iba jedno remesielko. Deti sa aj navz\u00e1jom in\u0161piruj\u00fa a motivuj\u00fa. Vyr\u00e1bali sme u\u017e patchworkov\u00e9 ozdoby, viano\u010dn\u00e9 gule, viano\u010dn\u00e9 dekor\u00e1cie, pedigov\u00e9 ko\u0161\u00edky, r\u00f4zne v\u00fdrobky z papiera, dr\u00f4tikov\u00e9 ozdoby, ma\u013eovali sme na dreven\u00e9 placky, vyr\u00e1bali sme papier, odlievali mydlo, aran\u017eovali sme kvety, vyr\u00e1bali sme kvetinov\u00e9 \u010delenky, tkali sme na krosn\u00e1ch, lepili kamienky, vyr\u00e1bali sme veci\u010dky z ko\u017ee, vyr\u00e1bali mal\u00e9 gl\u00f3busy a pan\u00e1\u010diky, kon\u00edky a zvieratk\u00e1.<\/p>\n\n\n\n<h3 class=\"wp-block-heading\">Keramika<\/h3>\n\n\n\n<p>Remesielko, ktor\u00e9 u n\u00e1s pretrv\u00e1va u\u017e 17 rokov. Hlina m\u00e1 \u00fa\u017easn\u00e9 terapeutick\u00e9 vlastnosti, ak s \u0148ou pracujeme. Hlavne \u00edlov\u00e1 zlo\u017eka hliny s\u0165ahuje vn\u00fatorn\u00e9 nap\u00e4tie a upokojuje. Sn\u00e1\u010f preto deti tak radi m\u00e1gaj\u00fa hlinu a vyr\u00e1baj\u00fa kr\u00e1sne n\u00e1dobky. Oby\u010dajne si vyr\u00e1baj\u00fa dar\u010deky pre star\u00fdch rodi\u010dov, alebo bl\u00edzku rodinu. Tak\u00fdto dar\u010dek je ve\u013emi trv\u00e1cny a mil\u00fd.<\/p>\n\n\n\n<p>Vytvorenie dielka z hliny je \u010dasovo n\u00e1ro\u010dn\u00e9, preto\u017ee dlho schne, potom sa mus\u00ed vybr\u00fasi\u0165 a do pece sa dostane, a\u017e sa ich nazbiera za pln\u00fa pec. Po vyp\u00e1len\u00ed prich\u00e1dzaj\u00fa na rad glaz\u00fary. Nikto netu\u0161\u00ed, ak\u00e1 atmosf\u00e9ra sa vytvor\u00ed v peci kombin\u00e1ciou mnoh\u00fdch glaz\u00far.Fin\u00e1lny dizajn je v\u017edy prekvapen\u00edm. Ke\u010f sa otv\u00e1ra pec, tak v\u0161etky deti stoja okolo a s nap\u00e4t\u00edm o\u010dak\u00e1vaj\u00fa v\u00fdsledok svojej pr\u00e1ce. Niekedy sa st\u00e1va, \u017ee die\u0165a svoj v\u00fdrobok ani nespozn\u00e1, nato\u013eko ho prekvap\u00ed. Ale potom si ho s hrdos\u0165ou nesie domov.<\/p>\n<\/div>\n<\/div>\n\n\n\n<figure class=\"wp-block-gallery alignwide columns-3 is-cropped wp-block-gallery-1 is-layout-flex wp-block-gallery-is-layout-flex\"><ul class=\"blocks-gallery-grid\"><li class=\"blocks-gallery-item\"><figure><img loading=\"lazy\" decoding=\"async\" width=\"768\" height=\"1024\" src=\"https:\/\/www.i-klub.sk\/wp-content\/uploads\/2021\/06\/IMG-20200123-WA0006-1.jpg\" alt=\"\" data-id=\"297\" data-link=\"https:\/\/www.i-klub.sk\/img-20200123-wa0006-1\/\" class=\"wp-image-297\" srcset=\"https:\/\/www.i-klub.sk\/wp-content\/uploads\/2021\/06\/IMG-20200123-WA0006-1.jpg 768w, https:\/\/www.i-klub.sk\/wp-content\/uploads\/2021\/06\/IMG-20200123-WA0006-1-225x300.jpg 225w\" sizes=\"auto, (max-width: 768px) 100vw, 768px\" \/><\/figure><\/li><li class=\"blocks-gallery-item\"><figure><img loading=\"lazy\" decoding=\"async\" width=\"1024\" height=\"685\" src=\"https:\/\/www.i-klub.sk\/wp-content\/uploads\/2021\/06\/P1200703-1024x685.jpg\" alt=\"\" data-id=\"296\" data-link=\"https:\/\/www.i-klub.sk\/p1200703\/\" class=\"wp-image-296\" srcset=\"https:\/\/www.i-klub.sk\/wp-content\/uploads\/2021\/06\/P1200703-1024x685.jpg 1024w, https:\/\/www.i-klub.sk\/wp-content\/uploads\/2021\/06\/P1200703-300x201.jpg 300w, https:\/\/www.i-klub.sk\/wp-content\/uploads\/2021\/06\/P1200703-768x514.jpg 768w, https:\/\/www.i-klub.sk\/wp-content\/uploads\/2021\/06\/P1200703-1536x1027.jpg 1536w, https:\/\/www.i-klub.sk\/wp-content\/uploads\/2021\/06\/P1200703-2048x1370.jpg 2048w, https:\/\/www.i-klub.sk\/wp-content\/uploads\/2021\/06\/P1200703-1568x1049.jpg 1568w\" sizes=\"auto, (max-width: 1024px) 100vw, 1024px\" \/><\/figure><\/li><li class=\"blocks-gallery-item\"><figure><img loading=\"lazy\" decoding=\"async\" width=\"576\" height=\"1024\" src=\"https:\/\/www.i-klub.sk\/wp-content\/uploads\/2021\/06\/20190527_175043-576x1024.jpg\" alt=\"\" data-id=\"315\" data-link=\"https:\/\/www.i-klub.sk\/index.php\/dielne\/20190527_175043\/\" class=\"wp-image-315\" srcset=\"https:\/\/www.i-klub.sk\/wp-content\/uploads\/2021\/06\/20190527_175043-576x1024.jpg 576w, https:\/\/www.i-klub.sk\/wp-content\/uploads\/2021\/06\/20190527_175043-169x300.jpg 169w, https:\/\/www.i-klub.sk\/wp-content\/uploads\/2021\/06\/20190527_175043-768x1365.jpg 768w, https:\/\/www.i-klub.sk\/wp-content\/uploads\/2021\/06\/20190527_175043-864x1536.jpg 864w, https:\/\/www.i-klub.sk\/wp-content\/uploads\/2021\/06\/20190527_175043-1152x2048.jpg 1152w, https:\/\/www.i-klub.sk\/wp-content\/uploads\/2021\/06\/20190527_175043-1568x2788.jpg 1568w, https:\/\/www.i-klub.sk\/wp-content\/uploads\/2021\/06\/20190527_175043-scaled.jpg 1440w\" sizes=\"auto, (max-width: 576px) 100vw, 576px\" \/><\/figure><\/li><li class=\"blocks-gallery-item\"><figure><img loading=\"lazy\" decoding=\"async\" width=\"768\" height=\"1024\" src=\"https:\/\/www.i-klub.sk\/wp-content\/uploads\/2021\/06\/IMG-20180212-WA0016-768x1024.jpg\" alt=\"\" data-id=\"313\" data-link=\"https:\/\/www.i-klub.sk\/index.php\/dielne\/img-20180212-wa0016\/\" class=\"wp-image-313\" srcset=\"https:\/\/www.i-klub.sk\/wp-content\/uploads\/2021\/06\/IMG-20180212-WA0016-768x1024.jpg 768w, https:\/\/www.i-klub.sk\/wp-content\/uploads\/2021\/06\/IMG-20180212-WA0016-225x300.jpg 225w, https:\/\/www.i-klub.sk\/wp-content\/uploads\/2021\/06\/IMG-20180212-WA0016-1152x1536.jpg 1152w, https:\/\/www.i-klub.sk\/wp-content\/uploads\/2021\/06\/IMG-20180212-WA0016.jpg 1200w\" sizes=\"auto, (max-width: 768px) 100vw, 768px\" \/><\/figure><\/li><li class=\"blocks-gallery-item\"><figure><img loading=\"lazy\" decoding=\"async\" width=\"1024\" height=\"685\" src=\"https:\/\/www.i-klub.sk\/wp-content\/uploads\/2021\/06\/P1220553-copy-1024x685.jpg\" alt=\"\" data-id=\"316\" data-full-url=\"https:\/\/www.i-klub.sk\/wp-content\/uploads\/2021\/06\/P1220553-copy.jpg\" data-link=\"https:\/\/www.i-klub.sk\/index.php\/dielne\/p1220553-copy\/\" class=\"wp-image-316\" srcset=\"https:\/\/www.i-klub.sk\/wp-content\/uploads\/2021\/06\/P1220553-copy-1024x685.jpg 1024w, https:\/\/www.i-klub.sk\/wp-content\/uploads\/2021\/06\/P1220553-copy-300x201.jpg 300w, https:\/\/www.i-klub.sk\/wp-content\/uploads\/2021\/06\/P1220553-copy-768x514.jpg 768w, https:\/\/www.i-klub.sk\/wp-content\/uploads\/2021\/06\/P1220553-copy-1536x1027.jpg 1536w, https:\/\/www.i-klub.sk\/wp-content\/uploads\/2021\/06\/P1220553-copy-2048x1370.jpg 2048w, https:\/\/www.i-klub.sk\/wp-content\/uploads\/2021\/06\/P1220553-copy-1568x1049.jpg 1568w\" sizes=\"auto, (max-width: 1024px) 100vw, 1024px\" \/><\/figure><\/li><\/ul><\/figure>\n","protected":false},"excerpt":{"rendered":"<p>Nemus\u00edme s\u00edce by\u0165 v\u0161etci \u00faplne zru\u010dn\u00ed, ale v\u017edy je bonus, ak nie\u010do dok\u00e1\u017eeme. V s\u00fa\u010dasosti detsk\u00e9 tvorenie ve\u013emi ustupuje do \u00fazadia. Mo\u017eno pre ve\u013ek\u00fa ponuku po\u010d\u00edta\u010dov\u00fdch hier, kde netreba ma\u0165 zru\u010dnosti, sk\u00fasenosti s materi\u00e1lom, netreba ma\u0165 v\u00edziu, z\u00e1mer, snahu. Kreativita je pri osobnostnom raste ve\u013emi d\u00f4le\u017eit\u00e1. Ak die\u0165a objav\u00ed vlastn\u00fa schopnos\u0165 nie\u010do vytvori\u0165, objav\u00ed vlastn\u00fa&hellip; <a class=\"more-link\" href=\"https:\/\/www.i-klub.sk\/index.php\/dielne\/\">Pokra\u010dova\u0165 v \u010d\u00edtan\u00ed <span class=\"screen-reader-text\">Dielne<\/span><\/a><\/p>\n","protected":false},"author":1,"featured_media":0,"parent":0,"menu_order":1,"comment_status":"closed","ping_status":"closed","template":"","meta":{"footnotes":""},"class_list":["post-51","page","type-page","status-publish","hentry","entry"],"_links":{"self":[{"href":"https:\/\/www.i-klub.sk\/index.php\/wp-json\/wp\/v2\/pages\/51","targetHints":{"allow":["GET"]}}],"collection":[{"href":"https:\/\/www.i-klub.sk\/index.php\/wp-json\/wp\/v2\/pages"}],"about":[{"href":"https:\/\/www.i-klub.sk\/index.php\/wp-json\/wp\/v2\/types\/page"}],"author":[{"embeddable":true,"href":"https:\/\/www.i-klub.sk\/index.php\/wp-json\/wp\/v2\/users\/1"}],"replies":[{"embeddable":true,"href":"https:\/\/www.i-klub.sk\/index.php\/wp-json\/wp\/v2\/comments?post=51"}],"version-history":[{"count":8,"href":"https:\/\/www.i-klub.sk\/index.php\/wp-json\/wp\/v2\/pages\/51\/revisions"}],"predecessor-version":[{"id":317,"href":"https:\/\/www.i-klub.sk\/index.php\/wp-json\/wp\/v2\/pages\/51\/revisions\/317"}],"wp:attachment":[{"href":"https:\/\/www.i-klub.sk\/index.php\/wp-json\/wp\/v2\/media?parent=51"}],"curies":[{"name":"wp","href":"https:\/\/api.w.org\/{rel}","templated":true}]}}