{"id":5,"date":"2021-06-28T11:10:07","date_gmt":"2021-06-28T09:10:07","guid":{"rendered":"https:\/\/www.i-klub.sk\/?page_id=5"},"modified":"2022-02-14T15:45:53","modified_gmt":"2022-02-14T14:45:53","slug":"domov","status":"publish","type":"page","link":"https:\/\/www.i-klub.sk\/","title":{"rendered":"Domov"},"content":{"rendered":"\n<div class=\"wp-block-columns alignwide is-layout-flex wp-container-core-columns-is-layout-9d6595d7 wp-block-columns-is-layout-flex\">\n<div class=\"wp-block-column is-layout-flow wp-block-column-is-layout-flow\">\n<h2 class=\"has-white-color has-text-color wp-block-heading\" id=\"pre-deti-vytvarame-bezpecny-priestor-pre-ich-sportove-a-spolocenske-hry-rozvijanie-kreativity-a-socialnej-inkluzie\" style=\"font-size:45px\"><strong>Pre deti vytv\u00e1rame bezpe\u010dn\u00fd priestor pre ich \u0161portov\u00e9 a&nbsp;spolo\u010densk\u00e9 hry, rozv\u00edjanie kreativity a&nbsp;soci\u00e1lnej inkl\u00fazie.<\/strong><\/h2>\n\n\n\n<p class=\"has-text-align-center has-white-color has-text-color has-background has-huge-font-size\" id=\"darujte-nam-vase-2\" style=\"background-color:#ff4e00\"><strong><a href=\"https:\/\/www.i-klub.sk\/index.php\/dvepercenta\/\">Darujte n\u00e1m Va\u0161e 2%<\/a><\/strong><\/p>\n<\/div>\n<\/div>\n\n\n\n<div class=\"wp-block-columns alignwide are-vertically-aligned-top is-layout-flex wp-container-core-columns-is-layout-9d6595d7 wp-block-columns-is-layout-flex\">\n<div class=\"wp-block-column is-vertically-aligned-top farba-stlpec-cervena is-layout-flow wp-block-column-is-layout-flow\">\n<h3 class=\".farba-link-biela has-white-color has-text-color wp-block-heading\" id=\"dielne\"><strong><a href=\"https:\/\/www.i-klub.sk\/index.php\/dielne\/\" data-type=\"URL\" data-id=\"https:\/\/www.i-klub.sk\/index.php\/dielne\/\">DIELNE<\/a><\/strong><\/h3>\n\n\n\n<p class=\"has-white-color has-text-color\">Keramika, \u0161itie, ko\u0161\u00edkarstvo, hrn\u010diarstvo, tkanie, plstenie, \u0161perk.<\/p>\n<\/div>\n\n\n\n<div class=\"wp-block-column is-vertically-aligned-top farba-stlpec-zlta is-layout-flow wp-block-column-is-layout-flow\" id=\"hp-sporty\">\n<h3 class=\"farba-link-biela has-white-color has-text-color wp-block-heading\" id=\"sporty\"><a href=\"https:\/\/www.i-klub.sk\/index.php\/sporty\/\" data-type=\"page\" data-id=\"62\"><strong>\u0160PORTY<\/strong><\/a><\/h3>\n\n\n\n<p class=\"has-white-color has-text-color\">Futbal, florbal, basketbal, volejbal, tenis, pumptrackov\u00e1  bicyklov\u00e1 dr\u00e1ha.<\/p>\n<\/div>\n\n\n\n<div class=\"wp-block-column is-vertically-aligned-top farba-stlpec-hneda is-layout-flow wp-block-column-is-layout-flow\" id=\"hp-priroda\">\n<h3 class=\".farba-link-biela has-white-color has-text-color wp-block-heading\" id=\"priroda\"><a href=\"https:\/\/www.i-klub.sk\/index.php\/priroda\/\" data-type=\"page\" data-id=\"65\"><strong>PR\u00cdRODA<\/strong><\/a><\/h3>\n\n\n\n<p class=\"has-white-color has-text-color\">Nezvy\u010dajn\u00e9 ovoc\u00ed\u010dka, spozn\u00e1vanie byliniek a pr\u00e1ca v z\u00e1hrade.<\/p>\n<\/div>\n<\/div>\n\n\n\n<div class=\"wp-block-columns alignwide is-layout-flex wp-container-core-columns-is-layout-9d6595d7 wp-block-columns-is-layout-flex\">\n<div class=\"wp-block-column farba-stlpec-fialova is-layout-flow wp-block-column-is-layout-flow\">\n<h3 class=\"wp-block-heading\" id=\"denne-tabory\"><strong><a href=\"https:\/\/www.i-klub.sk\/index.php\/denne-tabory\/\" data-type=\"URL\" data-id=\"https:\/\/www.i-klub.sk\/index.php\/denne-tabory\/\">DENN\u00c9 T\u00c1BORY<\/a><\/strong><\/h3>\n\n\n\n<p class=\"has-white-color has-text-color\">V na\u0161ich t\u00e1boroch prep\u00e1jame \u0161portov\u00fa&nbsp;a&nbsp;kreat\u00edvnu \u010dinnos\u0165.<\/p>\n<\/div>\n\n\n\n<div class=\"wp-block-column farba-stlpec-zelena is-layout-flow wp-block-column-is-layout-flow\">\n<h3 class=\"wp-block-heading\" id=\"bodka-za-prazdninami\"><strong><a href=\"https:\/\/www.i-klub.sk\/index.php\/bodka-za-prazdninami\" data-type=\"URL\" data-id=\"https:\/\/www.i-klub.sk\/index.php\/bodka-za-prazdninami\">BODKA ZA PR\u00c1ZDNINAMI<\/a><\/strong><\/h3>\n\n\n\n<p class=\"has-white-color has-text-color\">Komunitn\u00e1 rodinn\u00e1 akcia na konci letn\u00fdch pr\u00e1zdnin.<\/p>\n<\/div>\n\n\n\n<div class=\"wp-block-column farba-stlpec-tmavomodra is-layout-flow wp-block-column-is-layout-flow\">\n<h3 class=\"wp-block-heading\" id=\"aktuality\"><strong><a href=\"https:\/\/www.facebook.com\/IklubIvankapriDunaji\" data-type=\"URL\" data-id=\"https:\/\/www.facebook.com\/IklubIvankapriDunaji\">AKTUALITY<\/a><\/strong><\/h3>\n\n\n\n<p class=\"has-white-color has-text-color\">\u010co pr\u00e1ve rob\u00edme&#8230;<\/p>\n<\/div>\n<\/div>\n\n\n\n<p><\/p>\n","protected":false},"excerpt":{"rendered":"<p>Pre deti vytv\u00e1rame bezpe\u010dn\u00fd priestor pre ich \u0161portov\u00e9 a&nbsp;spolo\u010densk\u00e9 hry, rozv\u00edjanie kreativity a&nbsp;soci\u00e1lnej inkl\u00fazie. Darujte n\u00e1m Va\u0161e 2% DIELNE Keramika, \u0161itie, ko\u0161\u00edkarstvo, hrn\u010diarstvo, tkanie, plstenie, \u0161perk. \u0160PORTY Futbal, florbal, basketbal, volejbal, tenis, pumptrackov\u00e1 bicyklov\u00e1 dr\u00e1ha. PR\u00cdRODA Nezvy\u010dajn\u00e9 ovoc\u00ed\u010dka, spozn\u00e1vanie byliniek a pr\u00e1ca v z\u00e1hrade. DENN\u00c9 T\u00c1BORY V na\u0161ich t\u00e1boroch prep\u00e1jame \u0161portov\u00fa&nbsp;a&nbsp;kreat\u00edvnu \u010dinnos\u0165. BODKA ZA PR\u00c1ZDNINAMI&hellip; <a class=\"more-link\" href=\"https:\/\/www.i-klub.sk\/\">Pokra\u010dova\u0165 v \u010d\u00edtan\u00ed <span class=\"screen-reader-text\">Domov<\/span><\/a><\/p>\n","protected":false},"author":1,"featured_media":0,"parent":0,"menu_order":0,"comment_status":"closed","ping_status":"closed","template":"","meta":{"footnotes":""},"class_list":["post-5","page","type-page","status-publish","hentry","entry"],"_links":{"self":[{"href":"https:\/\/www.i-klub.sk\/index.php\/wp-json\/wp\/v2\/pages\/5","targetHints":{"allow":["GET"]}}],"collection":[{"href":"https:\/\/www.i-klub.sk\/index.php\/wp-json\/wp\/v2\/pages"}],"about":[{"href":"https:\/\/www.i-klub.sk\/index.php\/wp-json\/wp\/v2\/types\/page"}],"author":[{"embeddable":true,"href":"https:\/\/www.i-klub.sk\/index.php\/wp-json\/wp\/v2\/users\/1"}],"replies":[{"embeddable":true,"href":"https:\/\/www.i-klub.sk\/index.php\/wp-json\/wp\/v2\/comments?post=5"}],"version-history":[{"count":80,"href":"https:\/\/www.i-klub.sk\/index.php\/wp-json\/wp\/v2\/pages\/5\/revisions"}],"predecessor-version":[{"id":392,"href":"https:\/\/www.i-klub.sk\/index.php\/wp-json\/wp\/v2\/pages\/5\/revisions\/392"}],"wp:attachment":[{"href":"https:\/\/www.i-klub.sk\/index.php\/wp-json\/wp\/v2\/media?parent=5"}],"curies":[{"name":"wp","href":"https:\/\/api.w.org\/{rel}","templated":true}]}}