{"id":359,"date":"2022-02-14T15:12:41","date_gmt":"2022-02-14T14:12:41","guid":{"rendered":"https:\/\/www.i-klub.sk\/?page_id=359"},"modified":"2026-03-03T09:59:40","modified_gmt":"2026-03-03T08:59:40","slug":"dvepercenta","status":"publish","type":"page","link":"https:\/\/www.i-klub.sk\/index.php\/dvepercenta\/","title":{"rendered":"2%"},"content":{"rendered":"\n<div class=\"wp-block-columns alignwide is-layout-flex wp-container-core-columns-is-layout-9d6595d7 wp-block-columns-is-layout-flex\">\n<div class=\"wp-block-column is-layout-flow wp-block-column-is-layout-flow\" style=\"flex-basis:100%\">\n<h2 class=\"wp-block-heading has-white-color has-text-color\" id=\"mili-nasi-sympatizanti-opat-su-tu-dane-a-vy-nam-mozete-poslat-2-pre-zlepsenie-interieru-aj-exterieru-nasho-klubu\">Mil\u00ed na\u0161i sympatizanti, op\u00e4\u0165 s\u00fa tu dane a vy n\u00e1m m\u00f4\u017eete posla\u0165 2% pre zlep\u0161enie interi\u00e9ru aj exteri\u00e9ru n\u00e1\u0161ho klubu. <\/h2>\n\n\n\n<h2 class=\"wp-block-heading has-white-color has-text-color\" id=\"za-kazde-euro-vam-velmi-dakujeme\">Za ka\u017ed\u00e9 euro v\u00e1m ve\u013emi \u010fakujeme.<\/h2>\n<\/div>\n<\/div>\n\n\n\n<div class=\"wp-block-columns alignwide is-layout-flex wp-container-core-columns-is-layout-9d6595d7 wp-block-columns-is-layout-flex\">\n<div class=\"wp-block-column is-layout-flow wp-block-column-is-layout-flow\" style=\"flex-basis:100%\">\n<p class=\"has-white-color has-text-color\">Tla\u010div\u00e1 na stiahnutie:<\/p>\n<\/div>\n<\/div>\n\n\n\n<div class=\"wp-block-columns alignwide is-layout-flex wp-container-core-columns-is-layout-9d6595d7 wp-block-columns-is-layout-flex\">\n<div class=\"wp-block-column is-layout-flow wp-block-column-is-layout-flow\" style=\"flex-basis:100%\">\n<p class=\"has-white-color has-text-color\"><a href=\"https:\/\/www.i-klub.sk\/wp-content\/uploads\/2026\/03\/2025-12-09_VYHLASENIE-o-poukazani-podielu-zaplatenej-dane-z-prijmov-fyzickej-osoby.pdf\" data-type=\"link\" data-id=\"https:\/\/www.i-klub.sk\/wp-content\/uploads\/2026\/03\/2025-12-09_VYHLASENIE-o-poukazani-podielu-zaplatenej-dane-z-prijmov-fyzickej-osoby.pdf\">VYHL\u00c1SENIE o pouk\u00e1zan\u00ed podielu zaplatenej dane z pr\u00edjmov fyzickej osoby<\/a><\/p>\n<\/div>\n<\/div>\n\n\n\n<div class=\"wp-block-columns alignwide is-layout-flex wp-container-core-columns-is-layout-9d6595d7 wp-block-columns-is-layout-flex\">\n<div class=\"wp-block-column is-layout-flow wp-block-column-is-layout-flow\" style=\"flex-basis:100%\">\n<p class=\"has-white-color has-text-color\"><a rel=\"noreferrer noopener\" href=\"https:\/\/www.i-klub.sk\/wp-content\/uploads\/2022\/02\/Potvrdenie-o-zaplateni-dane-z-prijimov-zo-zavislej-cinnosti-2.pdf\" target=\"_blank\">POTVRDENIE o zaplaten\u00ed dane z prij\u00edmov zo z\u00e1vislej \u010dinnosti<\/a><\/p>\n<\/div>\n<\/div>\n\n\n\n<p><\/p>\n","protected":false},"excerpt":{"rendered":"<p>Mil\u00ed na\u0161i sympatizanti, op\u00e4\u0165 s\u00fa tu dane a vy n\u00e1m m\u00f4\u017eete posla\u0165 2% pre zlep\u0161enie interi\u00e9ru aj exteri\u00e9ru n\u00e1\u0161ho klubu. Za ka\u017ed\u00e9 euro v\u00e1m ve\u013emi \u010fakujeme. Tla\u010div\u00e1 na stiahnutie: VYHL\u00c1SENIE o pouk\u00e1zan\u00ed podielu zaplatenej dane z pr\u00edjmov fyzickej osoby POTVRDENIE o zaplaten\u00ed dane z prij\u00edmov zo z\u00e1vislej \u010dinnosti<\/p>\n","protected":false},"author":1,"featured_media":0,"parent":0,"menu_order":0,"comment_status":"closed","ping_status":"closed","template":"","meta":{"footnotes":""},"class_list":["post-359","page","type-page","status-publish","hentry","entry"],"_links":{"self":[{"href":"https:\/\/www.i-klub.sk\/index.php\/wp-json\/wp\/v2\/pages\/359","targetHints":{"allow":["GET"]}}],"collection":[{"href":"https:\/\/www.i-klub.sk\/index.php\/wp-json\/wp\/v2\/pages"}],"about":[{"href":"https:\/\/www.i-klub.sk\/index.php\/wp-json\/wp\/v2\/types\/page"}],"author":[{"embeddable":true,"href":"https:\/\/www.i-klub.sk\/index.php\/wp-json\/wp\/v2\/users\/1"}],"replies":[{"embeddable":true,"href":"https:\/\/www.i-klub.sk\/index.php\/wp-json\/wp\/v2\/comments?post=359"}],"version-history":[{"count":7,"href":"https:\/\/www.i-klub.sk\/index.php\/wp-json\/wp\/v2\/pages\/359\/revisions"}],"predecessor-version":[{"id":400,"href":"https:\/\/www.i-klub.sk\/index.php\/wp-json\/wp\/v2\/pages\/359\/revisions\/400"}],"wp:attachment":[{"href":"https:\/\/www.i-klub.sk\/index.php\/wp-json\/wp\/v2\/media?parent=359"}],"curies":[{"name":"wp","href":"https:\/\/api.w.org\/{rel}","templated":true}]}}