{"id":281,"date":"2021-06-29T15:22:15","date_gmt":"2021-06-29T13:22:15","guid":{"rendered":"https:\/\/www.i-klub.sk\/?page_id=281"},"modified":"2021-06-30T15:20:34","modified_gmt":"2021-06-30T13:20:34","slug":"bodka-za-prazdninami","status":"publish","type":"page","link":"https:\/\/www.i-klub.sk\/index.php\/bodka-za-prazdninami\/","title":{"rendered":"Bodka za pr\u00e1zdninami"},"content":{"rendered":"\n<div class=\"wp-block-columns alignwide is-layout-flex wp-container-core-columns-is-layout-9d6595d7 wp-block-columns-is-layout-flex\">\n<div class=\"wp-block-column is-layout-flow wp-block-column-is-layout-flow\">\n<h2 class=\"wp-block-heading\"><strong>Ve\u013ek\u00e9 rodinn\u00e9 popoludnie pln\u00e9 s\u00fa\u0165a\u017e\u00ed<\/strong><\/h2>\n\n\n\n<p>Bodka za pr\u00e1zdninami je ve\u013ek\u00e1 celoobecn\u00e1 akcia s&nbsp;mno\u017estvom kreat\u00edvnych workshopov, s&nbsp;florbalov\u00fdm turnajom, s&nbsp;pl\u00e1van\u00edm v&nbsp;kanoik\u00e1ch po potoku, s&nbsp;r\u00f4znymi \u0161portov\u00fdmi hrami a&nbsp;hlavne&nbsp; s&nbsp;palacinkami a&nbsp;\u0161pek\u00e1\u010dikmi. Prich\u00e1dzaj\u00fa sem cel\u00e9 rodiny s&nbsp;de\u0165mi a&nbsp;t\u00e1to komunitn\u00e1 akcia sa te\u0161\u00ed ve\u013ekej ob\u013eube.<\/p>\n<\/div>\n<\/div>\n\n\n\n<figure class=\"wp-block-gallery alignwide columns-3 is-cropped wp-block-gallery-1 is-layout-flex wp-block-gallery-is-layout-flex\"><ul class=\"blocks-gallery-grid\"><li class=\"blocks-gallery-item\"><figure><img loading=\"lazy\" decoding=\"async\" width=\"1024\" height=\"683\" src=\"https:\/\/www.i-klub.sk\/wp-content\/uploads\/2021\/06\/1-tricka-1024x683.jpg\" alt=\"\" data-id=\"287\" data-link=\"https:\/\/www.i-klub.sk\/1-tricka\/\" class=\"wp-image-287\" srcset=\"https:\/\/www.i-klub.sk\/wp-content\/uploads\/2021\/06\/1-tricka-1024x683.jpg 1024w, https:\/\/www.i-klub.sk\/wp-content\/uploads\/2021\/06\/1-tricka-300x200.jpg 300w, https:\/\/www.i-klub.sk\/wp-content\/uploads\/2021\/06\/1-tricka-768x512.jpg 768w, https:\/\/www.i-klub.sk\/wp-content\/uploads\/2021\/06\/1-tricka-1536x1024.jpg 1536w, https:\/\/www.i-klub.sk\/wp-content\/uploads\/2021\/06\/1-tricka-2048x1365.jpg 2048w, https:\/\/www.i-klub.sk\/wp-content\/uploads\/2021\/06\/1-tricka-1568x1045.jpg 1568w\" sizes=\"auto, (max-width: 1024px) 100vw, 1024px\" \/><\/figure><\/li><li class=\"blocks-gallery-item\"><figure><img loading=\"lazy\" decoding=\"async\" width=\"1024\" height=\"685\" src=\"https:\/\/www.i-klub.sk\/wp-content\/uploads\/2021\/06\/13-celenky-1024x685.jpg\" alt=\"\" data-id=\"319\" data-link=\"https:\/\/www.i-klub.sk\/index.php\/bodka-za-prazdninami\/13-celenky\/\" class=\"wp-image-319\" srcset=\"https:\/\/www.i-klub.sk\/wp-content\/uploads\/2021\/06\/13-celenky-1024x685.jpg 1024w, https:\/\/www.i-klub.sk\/wp-content\/uploads\/2021\/06\/13-celenky-300x201.jpg 300w, https:\/\/www.i-klub.sk\/wp-content\/uploads\/2021\/06\/13-celenky-768x514.jpg 768w, https:\/\/www.i-klub.sk\/wp-content\/uploads\/2021\/06\/13-celenky-1536x1027.jpg 1536w, https:\/\/www.i-klub.sk\/wp-content\/uploads\/2021\/06\/13-celenky-2048x1370.jpg 2048w, https:\/\/www.i-klub.sk\/wp-content\/uploads\/2021\/06\/13-celenky-1568x1049.jpg 1568w\" sizes=\"auto, (max-width: 1024px) 100vw, 1024px\" \/><\/figure><\/li><li class=\"blocks-gallery-item\"><figure><img loading=\"lazy\" decoding=\"async\" width=\"1024\" height=\"683\" src=\"https:\/\/www.i-klub.sk\/wp-content\/uploads\/2021\/06\/11-lode-1-1024x683.jpg\" alt=\"\" data-id=\"320\" data-full-url=\"https:\/\/www.i-klub.sk\/wp-content\/uploads\/2021\/06\/11-lode-1-scaled.jpg\" data-link=\"https:\/\/www.i-klub.sk\/index.php\/bodka-za-prazdninami\/11-lode-1\/\" class=\"wp-image-320\" srcset=\"https:\/\/www.i-klub.sk\/wp-content\/uploads\/2021\/06\/11-lode-1-1024x683.jpg 1024w, https:\/\/www.i-klub.sk\/wp-content\/uploads\/2021\/06\/11-lode-1-300x200.jpg 300w, https:\/\/www.i-klub.sk\/wp-content\/uploads\/2021\/06\/11-lode-1-768x512.jpg 768w, https:\/\/www.i-klub.sk\/wp-content\/uploads\/2021\/06\/11-lode-1-1536x1024.jpg 1536w, https:\/\/www.i-klub.sk\/wp-content\/uploads\/2021\/06\/11-lode-1-2048x1365.jpg 2048w, https:\/\/www.i-klub.sk\/wp-content\/uploads\/2021\/06\/11-lode-1-1568x1045.jpg 1568w\" sizes=\"auto, (max-width: 1024px) 100vw, 1024px\" \/><\/figure><\/li><li class=\"blocks-gallery-item\"><figure><img loading=\"lazy\" decoding=\"async\" width=\"1024\" height=\"685\" src=\"https:\/\/www.i-klub.sk\/wp-content\/uploads\/2021\/06\/P1210961-copy-1024x685.jpg\" alt=\"\" data-id=\"291\" data-link=\"https:\/\/www.i-klub.sk\/p1210961-copy\/\" class=\"wp-image-291\" srcset=\"https:\/\/www.i-klub.sk\/wp-content\/uploads\/2021\/06\/P1210961-copy-1024x685.jpg 1024w, https:\/\/www.i-klub.sk\/wp-content\/uploads\/2021\/06\/P1210961-copy-300x201.jpg 300w, https:\/\/www.i-klub.sk\/wp-content\/uploads\/2021\/06\/P1210961-copy-768x514.jpg 768w, https:\/\/www.i-klub.sk\/wp-content\/uploads\/2021\/06\/P1210961-copy-1536x1027.jpg 1536w, https:\/\/www.i-klub.sk\/wp-content\/uploads\/2021\/06\/P1210961-copy-2048x1370.jpg 2048w, https:\/\/www.i-klub.sk\/wp-content\/uploads\/2021\/06\/P1210961-copy-1568x1049.jpg 1568w\" sizes=\"auto, (max-width: 1024px) 100vw, 1024px\" \/><\/figure><\/li><\/ul><\/figure>\n","protected":false},"excerpt":{"rendered":"<p>Ve\u013ek\u00e9 rodinn\u00e9 popoludnie pln\u00e9 s\u00fa\u0165a\u017e\u00ed Bodka za pr\u00e1zdninami je ve\u013ek\u00e1 celoobecn\u00e1 akcia s&nbsp;mno\u017estvom kreat\u00edvnych workshopov, s&nbsp;florbalov\u00fdm turnajom, s&nbsp;pl\u00e1van\u00edm v&nbsp;kanoik\u00e1ch po potoku, s&nbsp;r\u00f4znymi \u0161portov\u00fdmi hrami a&nbsp;hlavne&nbsp; s&nbsp;palacinkami a&nbsp;\u0161pek\u00e1\u010dikmi. Prich\u00e1dzaj\u00fa sem cel\u00e9 rodiny s&nbsp;de\u0165mi a&nbsp;t\u00e1to komunitn\u00e1 akcia sa te\u0161\u00ed ve\u013ekej ob\u013eube.<\/p>\n","protected":false},"author":1,"featured_media":0,"parent":0,"menu_order":0,"comment_status":"closed","ping_status":"closed","template":"","meta":{"footnotes":""},"class_list":["post-281","page","type-page","status-publish","hentry","entry"],"_links":{"self":[{"href":"https:\/\/www.i-klub.sk\/index.php\/wp-json\/wp\/v2\/pages\/281","targetHints":{"allow":["GET"]}}],"collection":[{"href":"https:\/\/www.i-klub.sk\/index.php\/wp-json\/wp\/v2\/pages"}],"about":[{"href":"https:\/\/www.i-klub.sk\/index.php\/wp-json\/wp\/v2\/types\/page"}],"author":[{"embeddable":true,"href":"https:\/\/www.i-klub.sk\/index.php\/wp-json\/wp\/v2\/users\/1"}],"replies":[{"embeddable":true,"href":"https:\/\/www.i-klub.sk\/index.php\/wp-json\/wp\/v2\/comments?post=281"}],"version-history":[{"count":4,"href":"https:\/\/www.i-klub.sk\/index.php\/wp-json\/wp\/v2\/pages\/281\/revisions"}],"predecessor-version":[{"id":352,"href":"https:\/\/www.i-klub.sk\/index.php\/wp-json\/wp\/v2\/pages\/281\/revisions\/352"}],"wp:attachment":[{"href":"https:\/\/www.i-klub.sk\/index.php\/wp-json\/wp\/v2\/media?parent=281"}],"curies":[{"name":"wp","href":"https:\/\/api.w.org\/{rel}","templated":true}]}}