{"id":270,"date":"2021-06-29T15:12:19","date_gmt":"2021-06-29T13:12:19","guid":{"rendered":"https:\/\/www.i-klub.sk\/?page_id=270"},"modified":"2021-06-29T15:53:08","modified_gmt":"2021-06-29T13:53:08","slug":"denne-tabory","status":"publish","type":"page","link":"https:\/\/www.i-klub.sk\/index.php\/denne-tabory\/","title":{"rendered":"Denn\u00e9 t\u00e1bory"},"content":{"rendered":"\n<div class=\"wp-block-columns alignwide is-layout-flex wp-container-core-columns-is-layout-9d6595d7 wp-block-columns-is-layout-flex\">\n<div class=\"wp-block-column is-layout-flow wp-block-column-is-layout-flow\">\n<h2 class=\"wp-block-heading\"><strong>T\u00fd\u017ede\u0148 dobrodru\u017estiev, tvorivosti a hier v pr\u00edrode<\/strong>.<\/h2>\n\n\n\n<p>V lete sa v i-klube kon\u00e1 v\u017edy nieko\u013eko turnusov denn\u00fdch t\u00e1borov.  Ka\u017ed\u00fd rok s\u00fa t\u00e1bory  rozli\u010dne tematicky zameran\u00e9. Deti sa nielen zabavia, ale popri hre sa aj ve\u013ea nau\u010dia a dozvedia.<\/p>\n\n\n\n<p>V lete 2020 bol t\u00e1bor venovan\u00fd remesl\u00e1m. Vytvorili sme ponuku jeden\u00e1stich remesiel, z&nbsp;ktor\u00fdch si skupiny vyberali a&nbsp;realizovali, aby z\u00edskali \u010do najv\u00e4\u010d\u0161\u00ed po\u010det kreditov. Za potrebn\u00fd po\u010det kreditov na konci turnusu z\u00edskali titul \u2013 Majster remesiel. Pribl\u00ed\u017eili sme im mnoh\u00e9 nezn\u00e1me remesl\u00e1 ako kaligrafia, kamen\u00e1rstvo, stol\u00e1rstvo, kraj\u010d\u00edrstvo a&nbsp;mnoh\u00e9 in\u00e9. V\u0161etky v\u00fdrobky boli origin\u00e1lne,&nbsp;hodnotn\u00e9 a&nbsp;dlho bud\u00fa skr\u00e1\u0161\u013eova\u0165 poli\u010dky v&nbsp;detsk\u00fdch izb\u00e1ch.<\/p>\n<\/div>\n<\/div>\n\n\n\n<figure class=\"wp-block-gallery alignwide columns-3 is-cropped wp-block-gallery-1 is-layout-flex wp-block-gallery-is-layout-flex\"><ul class=\"blocks-gallery-grid\"><li class=\"blocks-gallery-item\"><figure><img loading=\"lazy\" decoding=\"async\" width=\"1024\" height=\"685\" src=\"https:\/\/www.i-klub.sk\/wp-content\/uploads\/2021\/06\/P1220704-copy-1024x685.jpg\" alt=\"\" data-id=\"292\" data-link=\"https:\/\/www.i-klub.sk\/p1220704-copy\/\" class=\"wp-image-292\" srcset=\"https:\/\/www.i-klub.sk\/wp-content\/uploads\/2021\/06\/P1220704-copy-1024x685.jpg 1024w, https:\/\/www.i-klub.sk\/wp-content\/uploads\/2021\/06\/P1220704-copy-300x201.jpg 300w, https:\/\/www.i-klub.sk\/wp-content\/uploads\/2021\/06\/P1220704-copy-768x514.jpg 768w, https:\/\/www.i-klub.sk\/wp-content\/uploads\/2021\/06\/P1220704-copy-1536x1027.jpg 1536w, https:\/\/www.i-klub.sk\/wp-content\/uploads\/2021\/06\/P1220704-copy-2048x1370.jpg 2048w, https:\/\/www.i-klub.sk\/wp-content\/uploads\/2021\/06\/P1220704-copy-1568x1049.jpg 1568w\" sizes=\"auto, (max-width: 1024px) 100vw, 1024px\" \/><\/figure><\/li><li class=\"blocks-gallery-item\"><figure><img loading=\"lazy\" decoding=\"async\" width=\"1024\" height=\"685\" src=\"https:\/\/www.i-klub.sk\/wp-content\/uploads\/2021\/06\/P1220706-copy-1024x685.jpg\" alt=\"\" data-id=\"293\" data-link=\"https:\/\/www.i-klub.sk\/p1220706-copy\/\" class=\"wp-image-293\" srcset=\"https:\/\/www.i-klub.sk\/wp-content\/uploads\/2021\/06\/P1220706-copy-1024x685.jpg 1024w, https:\/\/www.i-klub.sk\/wp-content\/uploads\/2021\/06\/P1220706-copy-300x201.jpg 300w, https:\/\/www.i-klub.sk\/wp-content\/uploads\/2021\/06\/P1220706-copy-768x514.jpg 768w, https:\/\/www.i-klub.sk\/wp-content\/uploads\/2021\/06\/P1220706-copy-1536x1027.jpg 1536w, https:\/\/www.i-klub.sk\/wp-content\/uploads\/2021\/06\/P1220706-copy-2048x1370.jpg 2048w, https:\/\/www.i-klub.sk\/wp-content\/uploads\/2021\/06\/P1220706-copy-1568x1049.jpg 1568w\" sizes=\"auto, (max-width: 1024px) 100vw, 1024px\" \/><\/figure><\/li><li class=\"blocks-gallery-item\"><figure><img loading=\"lazy\" decoding=\"async\" width=\"1024\" height=\"685\" src=\"https:\/\/www.i-klub.sk\/wp-content\/uploads\/2021\/06\/P1200703-1024x685.jpg\" alt=\"\" data-id=\"296\" data-link=\"https:\/\/www.i-klub.sk\/p1200703\/\" class=\"wp-image-296\" srcset=\"https:\/\/www.i-klub.sk\/wp-content\/uploads\/2021\/06\/P1200703-1024x685.jpg 1024w, https:\/\/www.i-klub.sk\/wp-content\/uploads\/2021\/06\/P1200703-300x201.jpg 300w, https:\/\/www.i-klub.sk\/wp-content\/uploads\/2021\/06\/P1200703-768x514.jpg 768w, https:\/\/www.i-klub.sk\/wp-content\/uploads\/2021\/06\/P1200703-1536x1027.jpg 1536w, https:\/\/www.i-klub.sk\/wp-content\/uploads\/2021\/06\/P1200703-2048x1370.jpg 2048w, https:\/\/www.i-klub.sk\/wp-content\/uploads\/2021\/06\/P1200703-1568x1049.jpg 1568w\" sizes=\"auto, (max-width: 1024px) 100vw, 1024px\" \/><\/figure><\/li><li class=\"blocks-gallery-item\"><figure><img loading=\"lazy\" decoding=\"async\" width=\"512\" height=\"1024\" src=\"https:\/\/www.i-klub.sk\/wp-content\/uploads\/2021\/06\/titulka-512x1024.jpg\" alt=\"\" data-id=\"300\" data-link=\"https:\/\/www.i-klub.sk\/index.php\/sporty\/titulka\/\" class=\"wp-image-300\" srcset=\"https:\/\/www.i-klub.sk\/wp-content\/uploads\/2021\/06\/titulka-512x1024.jpg 512w, https:\/\/www.i-klub.sk\/wp-content\/uploads\/2021\/06\/titulka-150x300.jpg 150w, https:\/\/www.i-klub.sk\/wp-content\/uploads\/2021\/06\/titulka-768x1536.jpg 768w, https:\/\/www.i-klub.sk\/wp-content\/uploads\/2021\/06\/titulka-1024x2048.jpg 1024w, https:\/\/www.i-klub.sk\/wp-content\/uploads\/2021\/06\/titulka.jpg 1181w\" sizes=\"auto, (max-width: 512px) 100vw, 512px\" \/><\/figure><\/li><li class=\"blocks-gallery-item\"><figure><img loading=\"lazy\" decoding=\"async\" width=\"1024\" height=\"685\" src=\"https:\/\/www.i-klub.sk\/wp-content\/uploads\/2021\/06\/P1200556-1024x685.jpg\" alt=\"\" data-id=\"323\" data-link=\"https:\/\/www.i-klub.sk\/index.php\/denne-tabory\/p1200556\/\" class=\"wp-image-323\" srcset=\"https:\/\/www.i-klub.sk\/wp-content\/uploads\/2021\/06\/P1200556-1024x685.jpg 1024w, https:\/\/www.i-klub.sk\/wp-content\/uploads\/2021\/06\/P1200556-300x201.jpg 300w, https:\/\/www.i-klub.sk\/wp-content\/uploads\/2021\/06\/P1200556-768x514.jpg 768w, https:\/\/www.i-klub.sk\/wp-content\/uploads\/2021\/06\/P1200556-1536x1027.jpg 1536w, https:\/\/www.i-klub.sk\/wp-content\/uploads\/2021\/06\/P1200556-2048x1370.jpg 2048w, https:\/\/www.i-klub.sk\/wp-content\/uploads\/2021\/06\/P1200556-1568x1049.jpg 1568w\" sizes=\"auto, (max-width: 1024px) 100vw, 1024px\" \/><\/figure><\/li><li class=\"blocks-gallery-item\"><figure><img loading=\"lazy\" decoding=\"async\" width=\"1024\" height=\"685\" src=\"https:\/\/www.i-klub.sk\/wp-content\/uploads\/2021\/06\/P1220699-copy-1024x685.jpg\" alt=\"\" data-id=\"324\" data-link=\"https:\/\/www.i-klub.sk\/index.php\/denne-tabory\/p1220699-copy\/\" class=\"wp-image-324\" srcset=\"https:\/\/www.i-klub.sk\/wp-content\/uploads\/2021\/06\/P1220699-copy-1024x685.jpg 1024w, https:\/\/www.i-klub.sk\/wp-content\/uploads\/2021\/06\/P1220699-copy-300x201.jpg 300w, https:\/\/www.i-klub.sk\/wp-content\/uploads\/2021\/06\/P1220699-copy-768x514.jpg 768w, https:\/\/www.i-klub.sk\/wp-content\/uploads\/2021\/06\/P1220699-copy-1536x1027.jpg 1536w, https:\/\/www.i-klub.sk\/wp-content\/uploads\/2021\/06\/P1220699-copy-2048x1370.jpg 2048w, https:\/\/www.i-klub.sk\/wp-content\/uploads\/2021\/06\/P1220699-copy-1568x1049.jpg 1568w\" sizes=\"auto, (max-width: 1024px) 100vw, 1024px\" \/><\/figure><\/li><li class=\"blocks-gallery-item\"><figure><img loading=\"lazy\" decoding=\"async\" width=\"768\" height=\"1024\" src=\"https:\/\/www.i-klub.sk\/wp-content\/uploads\/2021\/06\/20180705_132436-768x1024.jpg\" alt=\"\" data-id=\"325\" data-link=\"https:\/\/www.i-klub.sk\/index.php\/denne-tabory\/20180705_132436\/\" class=\"wp-image-325\" srcset=\"https:\/\/www.i-klub.sk\/wp-content\/uploads\/2021\/06\/20180705_132436-768x1024.jpg 768w, https:\/\/www.i-klub.sk\/wp-content\/uploads\/2021\/06\/20180705_132436-225x300.jpg 225w, https:\/\/www.i-klub.sk\/wp-content\/uploads\/2021\/06\/20180705_132436-1152x1536.jpg 1152w, https:\/\/www.i-klub.sk\/wp-content\/uploads\/2021\/06\/20180705_132436-1536x2048.jpg 1536w, https:\/\/www.i-klub.sk\/wp-content\/uploads\/2021\/06\/20180705_132436-1568x2091.jpg 1568w, https:\/\/www.i-klub.sk\/wp-content\/uploads\/2021\/06\/20180705_132436-scaled.jpg 1920w\" sizes=\"auto, (max-width: 768px) 100vw, 768px\" \/><\/figure><\/li><li class=\"blocks-gallery-item\"><figure><img loading=\"lazy\" decoding=\"async\" width=\"886\" height=\"650\" src=\"https:\/\/www.i-klub.sk\/wp-content\/uploads\/2021\/06\/8-copy.jpg\" alt=\"\" data-id=\"326\" data-full-url=\"https:\/\/www.i-klub.sk\/wp-content\/uploads\/2021\/06\/8-copy.jpg\" data-link=\"https:\/\/www.i-klub.sk\/index.php\/denne-tabory\/8-copy\/\" class=\"wp-image-326\" srcset=\"https:\/\/www.i-klub.sk\/wp-content\/uploads\/2021\/06\/8-copy.jpg 886w, https:\/\/www.i-klub.sk\/wp-content\/uploads\/2021\/06\/8-copy-300x220.jpg 300w, https:\/\/www.i-klub.sk\/wp-content\/uploads\/2021\/06\/8-copy-768x563.jpg 768w\" sizes=\"auto, (max-width: 886px) 100vw, 886px\" \/><\/figure><\/li><\/ul><\/figure>\n","protected":false},"excerpt":{"rendered":"<p>T\u00fd\u017ede\u0148 dobrodru\u017estiev, tvorivosti a hier v pr\u00edrode. V lete sa v i-klube kon\u00e1 v\u017edy nieko\u013eko turnusov denn\u00fdch t\u00e1borov. Ka\u017ed\u00fd rok s\u00fa t\u00e1bory rozli\u010dne tematicky zameran\u00e9. Deti sa nielen zabavia, ale popri hre sa aj ve\u013ea nau\u010dia a dozvedia. V lete 2020 bol t\u00e1bor venovan\u00fd remesl\u00e1m. Vytvorili sme ponuku jeden\u00e1stich remesiel, z&nbsp;ktor\u00fdch si skupiny vyberali a&nbsp;realizovali,&hellip; <a class=\"more-link\" href=\"https:\/\/www.i-klub.sk\/index.php\/denne-tabory\/\">Pokra\u010dova\u0165 v \u010d\u00edtan\u00ed <span class=\"screen-reader-text\">Denn\u00e9 t\u00e1bory<\/span><\/a><\/p>\n","protected":false},"author":1,"featured_media":0,"parent":0,"menu_order":0,"comment_status":"closed","ping_status":"closed","template":"","meta":{"footnotes":""},"class_list":["post-270","page","type-page","status-publish","hentry","entry"],"_links":{"self":[{"href":"https:\/\/www.i-klub.sk\/index.php\/wp-json\/wp\/v2\/pages\/270","targetHints":{"allow":["GET"]}}],"collection":[{"href":"https:\/\/www.i-klub.sk\/index.php\/wp-json\/wp\/v2\/pages"}],"about":[{"href":"https:\/\/www.i-klub.sk\/index.php\/wp-json\/wp\/v2\/types\/page"}],"author":[{"embeddable":true,"href":"https:\/\/www.i-klub.sk\/index.php\/wp-json\/wp\/v2\/users\/1"}],"replies":[{"embeddable":true,"href":"https:\/\/www.i-klub.sk\/index.php\/wp-json\/wp\/v2\/comments?post=270"}],"version-history":[{"count":5,"href":"https:\/\/www.i-klub.sk\/index.php\/wp-json\/wp\/v2\/pages\/270\/revisions"}],"predecessor-version":[{"id":327,"href":"https:\/\/www.i-klub.sk\/index.php\/wp-json\/wp\/v2\/pages\/270\/revisions\/327"}],"wp:attachment":[{"href":"https:\/\/www.i-klub.sk\/index.php\/wp-json\/wp\/v2\/media?parent=270"}],"curies":[{"name":"wp","href":"https:\/\/api.w.org\/{rel}","templated":true}]}}